{"id":54,"date":"2024-02-06T16:40:09","date_gmt":"2024-02-06T16:40:09","guid":{"rendered":"https:\/\/thejobsdigger.com\/?page_id=54"},"modified":"2024-02-16T12:10:21","modified_gmt":"2024-02-16T12:10:21","slug":"about","status":"publish","type":"page","link":"https:\/\/thejobsdigger.com\/pt\/about\/","title":{"rendered":"Sobre"},"content":{"rendered":"<div class=\"mx-5 sm:mx-0 prose leading-relaxed text-lg mb-5 text-left wp-paragraph\">\n<p>Bem-vindo ao The Jobs Digger, onde o guiaremos no desenvolvimento de sua carreira. Nossa miss\u00e3o \u00e9 capacit\u00e1-lo com conhecimento e insights para aprimorar sua jornada profissional. Aprenda a elaborar um CV de destaque, dominar entrevistas e navegar com confian\u00e7a no mercado de trabalho.<\/p>\n<\/div><div class=\"mx-5 sm:mx-0 prose leading-relaxed text-lg mb-5 text-left wp-paragraph\">\n<p>Na The Jobs Digger, conduzimos avalia\u00e7\u00f5es aprofundadas de potenciais empregadores e compartilhamos insights valiosos sobre a cultura do ambiente de trabalho. Nosso objetivo \u00e9 equip\u00e1-lo com as ferramentas e informa\u00e7\u00f5es para tomar decis\u00f5es de carreira informadas.<\/p>\n<\/div><div class=\"mx-5 sm:mx-0 prose leading-relaxed text-lg mb-5 text-left wp-paragraph\">\n<p>Seja voc\u00ea um profissional estabelecido ou apenas come\u00e7ando, deixe que The Jobs Digger seja seu aliado confi\u00e1vel na jornada para o sucesso profissional. Explore, aprenda e eleve sua carreira conosco!<\/p>\n<\/div>","protected":false},"excerpt":{"rendered":"<p>Bem-vindo ao The Jobs Digger, onde o guiaremos no desenvolvimento da sua carreira. Nossa miss\u00e3o \u00e9 capacit\u00e1-lo com conhecimento e insights para aprimorar sua jornada profissional. Aprenda a elaborar um curr\u00edculo de destaque, dominar entrevistas e navegar com confian\u00e7a pelo mercado de trabalho. No The Jobs Digger, realizamos avalia\u00e7\u00f5es aprofundadas de potenciais empregadores\u2026 <a class=\"more-link\" href=\"https:\/\/thejobsdigger.com\/pt\/about\/\">Continuar lendo <span class=\"screen-reader-text\">Sobre<\/span><\/a><\/p>","protected":false},"author":8,"featured_media":0,"parent":0,"menu_order":0,"comment_status":"closed","ping_status":"closed","template":"","meta":{"footnotes":""},"yoast_head":"<!-- This site is optimized with the Yoast SEO Premium plugin v18.7 (Yoast SEO v19.1) - https:\/\/yoast.com\/wordpress\/plugins\/seo\/ -->\n<title>About - The Jobs Digger<\/title>\n<meta name=\"robots\" content=\"index, follow, max-snippet:-1, max-image-preview:large, max-video-preview:-1\" \/>\n<link rel=\"canonical\" href=\"https:\/\/thejobsdigger.com\/pt\/about\/\" \/>\n<meta property=\"og:locale\" content=\"pt_BR\" \/>\n<meta property=\"og:type\" content=\"article\" \/>\n<meta property=\"og:title\" content=\"About\" \/>\n<meta property=\"og:description\" content=\"Welcome to The Jobs Digger, where we will guide you in developing your career. Our mission is to empower you with knowledge and insights to enhance your professional journey. Learn how to craft a standout CV, master interviews, and confidently navigate the job market. At The Jobs Digger, we conduct in-depth reviews of potential employers&hellip; Continue reading About\" \/>\n<meta property=\"og:url\" content=\"https:\/\/thejobsdigger.com\/pt\/about\/\" \/>\n<meta property=\"og:site_name\" content=\"The Jobs Digger\" \/>\n<meta property=\"article:modified_time\" content=\"2024-02-16T12:10:21+00:00\" \/>\n<meta name=\"twitter:card\" content=\"summary_large_image\" \/>\n<meta name=\"twitter:label1\" content=\"Est. reading time\" \/>\n\t<meta name=\"twitter:data1\" content=\"1 minuto\" \/>\n<script type=\"application\/ld+json\" class=\"yoast-schema-graph\">{\"@context\":\"https:\/\/schema.org\",\"@graph\":[{\"@type\":\"WebSite\",\"@id\":\"https:\/\/thejobsdigger.com\/#website\",\"url\":\"https:\/\/thejobsdigger.com\/\",\"name\":\"The Jobs Digger\",\"description\":\"\",\"potentialAction\":[{\"@type\":\"SearchAction\",\"target\":{\"@type\":\"EntryPoint\",\"urlTemplate\":\"https:\/\/thejobsdigger.com\/?s={search_term_string}\"},\"query-input\":\"required name=search_term_string\"}],\"inLanguage\":\"pt-BR\"},{\"@type\":\"WebPage\",\"@id\":\"https:\/\/thejobsdigger.com\/about\/#webpage\",\"url\":\"https:\/\/thejobsdigger.com\/about\/\",\"name\":\"About - The Jobs Digger\",\"isPartOf\":{\"@id\":\"https:\/\/thejobsdigger.com\/#website\"},\"datePublished\":\"2024-02-06T16:40:09+00:00\",\"dateModified\":\"2024-02-16T12:10:21+00:00\",\"breadcrumb\":{\"@id\":\"https:\/\/thejobsdigger.com\/about\/#breadcrumb\"},\"inLanguage\":\"pt-BR\",\"potentialAction\":[{\"@type\":\"ReadAction\",\"target\":[\"https:\/\/thejobsdigger.com\/about\/\"]}]},{\"@type\":\"BreadcrumbList\",\"@id\":\"https:\/\/thejobsdigger.com\/about\/#breadcrumb\",\"itemListElement\":[{\"@type\":\"ListItem\",\"position\":1,\"name\":\"Home\",\"item\":\"https:\/\/thejobsdigger.com\/\"},{\"@type\":\"ListItem\",\"position\":2,\"name\":\"About\"}]}]}<\/script>\n<!-- \/ Yoast SEO Premium plugin. -->","yoast_head_json":{"title":"About - The Jobs Digger","robots":{"index":"index","follow":"follow","max-snippet":"max-snippet:-1","max-image-preview":"max-image-preview:large","max-video-preview":"max-video-preview:-1"},"canonical":"https:\/\/thejobsdigger.com\/pt\/about\/","og_locale":"pt_BR","og_type":"article","og_title":"About","og_description":"Welcome to The Jobs Digger, where we will guide you in developing your career. Our mission is to empower you with knowledge and insights to enhance your professional journey. Learn how to craft a standout CV, master interviews, and confidently navigate the job market. At The Jobs Digger, we conduct in-depth reviews of potential employers&hellip; Continue reading About","og_url":"https:\/\/thejobsdigger.com\/pt\/about\/","og_site_name":"The Jobs Digger","article_modified_time":"2024-02-16T12:10:21+00:00","twitter_card":"summary_large_image","twitter_misc":{"Est. reading time":"1 minuto"},"schema":{"@context":"https:\/\/schema.org","@graph":[{"@type":"WebSite","@id":"https:\/\/thejobsdigger.com\/#website","url":"https:\/\/thejobsdigger.com\/","name":"The Jobs Digger","description":"","potentialAction":[{"@type":"SearchAction","target":{"@type":"EntryPoint","urlTemplate":"https:\/\/thejobsdigger.com\/?s={search_term_string}"},"query-input":"required name=search_term_string"}],"inLanguage":"pt-BR"},{"@type":"WebPage","@id":"https:\/\/thejobsdigger.com\/about\/#webpage","url":"https:\/\/thejobsdigger.com\/about\/","name":"About - The Jobs Digger","isPartOf":{"@id":"https:\/\/thejobsdigger.com\/#website"},"datePublished":"2024-02-06T16:40:09+00:00","dateModified":"2024-02-16T12:10:21+00:00","breadcrumb":{"@id":"https:\/\/thejobsdigger.com\/about\/#breadcrumb"},"inLanguage":"pt-BR","potentialAction":[{"@type":"ReadAction","target":["https:\/\/thejobsdigger.com\/about\/"]}]},{"@type":"BreadcrumbList","@id":"https:\/\/thejobsdigger.com\/about\/#breadcrumb","itemListElement":[{"@type":"ListItem","position":1,"name":"Home","item":"https:\/\/thejobsdigger.com\/"},{"@type":"ListItem","position":2,"name":"About"}]}]}},"_links":{"self":[{"href":"https:\/\/thejobsdigger.com\/pt\/wp-json\/wp\/v2\/pages\/54"}],"collection":[{"href":"https:\/\/thejobsdigger.com\/pt\/wp-json\/wp\/v2\/pages"}],"about":[{"href":"https:\/\/thejobsdigger.com\/pt\/wp-json\/wp\/v2\/types\/page"}],"author":[{"embeddable":true,"href":"https:\/\/thejobsdigger.com\/pt\/wp-json\/wp\/v2\/users\/8"}],"replies":[{"embeddable":true,"href":"https:\/\/thejobsdigger.com\/pt\/wp-json\/wp\/v2\/comments?post=54"}],"version-history":[{"count":0,"href":"https:\/\/thejobsdigger.com\/pt\/wp-json\/wp\/v2\/pages\/54\/revisions"}],"wp:attachment":[{"href":"https:\/\/thejobsdigger.com\/pt\/wp-json\/wp\/v2\/media?parent=54"}],"curies":[{"name":"wp","href":"https:\/\/api.w.org\/{rel}","templated":true}]}}