{"id":52,"date":"2024-02-06T16:38:47","date_gmt":"2024-02-06T16:38:47","guid":{"rendered":"https:\/\/thejobsdigger.com\/?page_id=52"},"modified":"2024-02-06T16:39:30","modified_gmt":"2024-02-06T16:39:30","slug":"terms","status":"publish","type":"page","link":"https:\/\/thejobsdigger.com\/pt\/terms\/","title":{"rendered":"Termos de uso"},"content":{"rendered":"<div class=\"mx-5 sm:mx-0 prose leading-relaxed text-lg mb-5 text-left wp-paragraph\">\n<p>Atualizado em 5 de fevereiro de 2024.<\/p>\n<\/div><div class=\"mx-5 sm:mx-0 prose leading-relaxed text-lg mb-5 text-left wp-paragraph\">\n<p>A gest\u00e3o do site \u00e9 supervisionada pelo pr\u00f3prio The Jobs Digger, indicado por pronomes como \u201cn\u00f3s\u201d, \u201cnos\u201d e \u201cnosso\u201d. Ao acessar nosso site, os usu\u00e1rios concordam em cumprir todos os termos, condi\u00e7\u00f5es e pol\u00edticas aqui descritas. O Jobs Digger funciona como um hub digital comprometido em fornecer conte\u00fado informativo e anal\u00edtico abrangendo diversos produtos e servi\u00e7os, artigos de carreira, oportunidades de emprego e outros conte\u00fados relacionados ao mercado de trabalho.<\/p>\n<\/div><div class=\"mx-5 sm:mx-0 prose leading-relaxed text-lg mb-5 text-left wp-paragraph\">\n<p>Para d\u00favidas, resolu\u00e7\u00e3o de problemas, reclama\u00e7\u00f5es ou feedback sobre produtos\/servi\u00e7os apresentados no The Jobs Digger, os usu\u00e1rios podem utilizar nosso servi\u00e7o de contato dispon\u00edvel em <a style=\" color:;\" href=\"https:\/\/thejobsdigger.com\/pt\/\">https:\/\/thejobsdigger.com\/<\/a>. Pedimos aos usu\u00e1rios que revisem cuidadosamente e concordem com nossos Termos e Condi\u00e7\u00f5es de Uso e Pol\u00edtica de Privacidade ao acessar nossos servi\u00e7os.<\/p>\n<\/div><div class=\"mx-5 sm:mx-0 prose leading-relaxed text-lg mb-5 text-left wp-paragraph\">\n<p>Al\u00e9m disso, \u00e0s vezes os usu\u00e1rios s\u00e3o redirecionados para sites de terceiros, onde devem revisar e consentir com os termos de uso e pol\u00edticas de privacidade desses sites. A Jobs Digger exime-se de qualquer responsabilidade por quaisquer perdas ou danos resultantes da utiliza\u00e7\u00e3o indevida do seu website ou de circunst\u00e2ncias imprevis\u00edveis.<\/p>\n<\/div><div class=\"mx-5 sm:mx-0 prose leading-relaxed text-lg mb-5 text-left wp-paragraph\">\n<p>O objetivo destes Termos e Condi\u00e7\u00f5es de Uso \u00e9 delinear as responsabilidades, obriga\u00e7\u00f5es e deveres de todos os usu\u00e1rios ao acessar ou utilizar o site The Jobs Digger, conforme detalhado nas se\u00e7\u00f5es a seguir. Solicitamos gentilmente uma revis\u00e3o completa de nossos Termos de Uso. Se estes termos n\u00e3o forem aceit\u00e1veis para voc\u00ea, aconselhamos que voc\u00ea evite usar os servi\u00e7os fornecidos pelo The Jobs Digger.<\/p>\n<\/div><!--advertisement--><div class=\"mx-5 sm:mx-0 sm:text-3xl text-2xl font-medium title-font mb-4 text-gray-900 text-left\">\n<h2 class=\"wp-block-heading\" id=\"h-article-i-acceptance\">Artigo I \u2013 Aceita\u00e7\u00e3o<\/h2>\n<\/div><div class=\"mx-5 sm:mx-0 prose leading-relaxed text-lg mb-5 text-left wp-paragraph\">\n<p><strong>1.1 <\/strong>Ao acessar o The Jobs Digger, os usu\u00e1rios indicam que concordam com os Termos e Condi\u00e7\u00f5es de Uso e com a Pol\u00edtica de Privacidade estabelecidos pelo The Jobs Digger.<\/p>\n<\/div><div class=\"mx-5 sm:mx-0 prose leading-relaxed text-lg mb-5 text-left wp-paragraph\">\n<p><strong>1.2 <\/strong>Os usu\u00e1rios afirmam ter pelo menos 18 anos de idade e capacidade legal para abra\u00e7ar integralmente estes Termos e Condi\u00e7\u00f5es de Uso para todos os fins legais ao acessar ou utilizar o The Jobs Digger.<\/p>\n<\/div><div class=\"mx-5 sm:mx-0 prose leading-relaxed text-lg mb-5 text-left wp-paragraph\">\n<p><strong>1.3 <\/strong>Os usu\u00e1rios que n\u00e3o atendam aos crit\u00e9rios acima ou que discordem parcial ou totalmente dos termos e condi\u00e7\u00f5es descritos nestes Termos e Condi\u00e7\u00f5es de Uso s\u00e3o desaconselhados a acessar ou utilizar os servi\u00e7os prestados pelo The Jobs Digger, incluindo seus sites e servi\u00e7os.<\/p>\n<\/div><!--advertisement--><div class=\"mx-5 sm:mx-0 sm:text-3xl text-2xl font-medium title-font mb-4 text-gray-900 text-left\">\n<h2 class=\"wp-block-heading\" id=\"h-article-ii-communication\">Artigo II \u2013 Comunica\u00e7\u00e3o<\/h2>\n<\/div><div class=\"mx-5 sm:mx-0 prose leading-relaxed text-lg mb-5 text-left wp-paragraph\">\n<p><strong>2.1 <\/strong>O Jobs Digger oferece um servi\u00e7o de contato que permite aos usu\u00e1rios esclarecer d\u00favidas, resolver problemas, registrar reclama\u00e7\u00f5es ou fornecer feedback sobre os produtos\/oportunidades\/servi\u00e7os apresentados na plataforma.<\/p>\n<\/div><div class=\"mx-5 sm:mx-0 prose leading-relaxed text-lg mb-5 text-left wp-paragraph\">\n<p><strong>2.2 <\/strong>Os usu\u00e1rios podem utilizar o formul\u00e1rio de contato dispon\u00edvel em <a style=\" color:;\" href=\"mailto:contact@thejobsdigger.com\">contact@thejobsdigger.com<\/a> para se comunicar conosco.<\/p>\n<\/div><!--advertisement--><div class=\"mx-5 sm:mx-0 sm:text-3xl text-2xl font-medium title-font mb-4 text-gray-900 text-left\">\n<h2 class=\"wp-block-heading\" id=\"h-article-iii-responsibilities-of-parties\">Artigo III \u2013 Responsabilidades das Partes<\/h2>\n<\/div><div class=\"mx-5 sm:mx-0 prose leading-relaxed text-lg mb-5 text-left wp-paragraph\">\n<p><strong>3.1 <\/strong>Os usu\u00e1rios devem revisar cuidadosamente e concordar totalmente com todas as disposi\u00e7\u00f5es e termos descritos nestes Termos e Condi\u00e7\u00f5es de Uso e Pol\u00edtica de Privacidade ao utilizar servi\u00e7os e\/ou produtos na plataforma The Jobs Digger.<\/p>\n<\/div><div class=\"mx-5 sm:mx-0 prose leading-relaxed text-lg mb-5 text-left wp-paragraph\">\n<p><strong>3.2 <\/strong>A Jobs Digger poder\u00e1 fornecer links ou direcionar usu\u00e1rios para sites externos para contrata\u00e7\u00e3o de servi\u00e7os ou realiza\u00e7\u00e3o de compras, sem envolvimento da The Jobs Digger nessas transa\u00e7\u00f5es.<\/p>\n<\/div><div class=\"mx-5 sm:mx-0 prose leading-relaxed text-lg mb-5 text-left wp-paragraph\">\n<p><strong>3.3 <\/strong>Ao ser redirecionado para o site de uma empresa terceirizada, o usu\u00e1rio dever\u00e1 examinar cuidadosamente e concordar explicitamente com os termos de uso e a pol\u00edtica de privacidade dessa empresa espec\u00edfica.<\/p>\n<\/div><div class=\"mx-5 sm:mx-0 prose leading-relaxed text-lg mb-5 text-left wp-paragraph\">\n<p><strong>3.4 <\/strong>O Jobs Digger se isenta explicitamente de responsabilidade por: (a) os termos e pol\u00edticas de privacidade das empresas anunciadas; (b) informa\u00e7\u00f5es sobre os servi\u00e7os\/produtos anunciados; (c) servi\u00e7os\/produtos adquiridos dessas empresas.<\/p>\n<\/div><div class=\"mx-5 sm:mx-0 prose leading-relaxed text-lg mb-5 text-left wp-paragraph\">\n<p><strong>3.5 <\/strong>O Jobs Digger n\u00e3o se responsabiliza por danos causados por v\u00edrus ou software malicioso resultantes da utiliza\u00e7\u00e3o da Internet ou transfer\u00eancia de dados, sendo os utilizadores respons\u00e1veis pela manuten\u00e7\u00e3o de sistemas operativos atualizados e prote\u00e7\u00e3o antiv\u00edrus.<\/p>\n<\/div><div class=\"mx-5 sm:mx-0 prose leading-relaxed text-lg mb-5 text-left wp-paragraph\">\n<p><strong>3.6 <\/strong>O Jobs Digger n\u00e3o pode ser responsabilizado por quaisquer perdas ou danos ocorridos devido ao uso indevido do seu site ou circunst\u00e2ncias imprevistas<strong>.<\/strong><\/p>\n<\/div><div class=\"mx-5 sm:mx-0 prose leading-relaxed text-lg mb-5 text-left wp-paragraph\">\n<p><strong>3.7 <\/strong>O Jobs Digger n\u00e3o solicita dep\u00f3sitos ou transfer\u00eancias banc\u00e1rias para aprova\u00e7\u00e3o de produtos financeiros.<\/p>\n<\/div><div class=\"mx-5 sm:mx-0 prose leading-relaxed text-lg mb-5 text-left wp-paragraph\">\n<p><strong>3.8 <\/strong>O Jobs Digger se abst\u00e9m de enviar e-mails solicitando confirma\u00e7\u00e3o de dados ou anexos, e os usu\u00e1rios s\u00e3o incentivados a relatar quaisquer incidentes desse tipo atrav\u00e9s do formul\u00e1rio de contato dispon\u00edvel em <a style=\" color:;\" href=\"mailto:contact@thejobsdigger.com\">contact@thejobsdigger.com<\/a>.<\/p>\n<\/div><!--advertisement--><div class=\"mx-5 sm:mx-0 sm:text-3xl text-2xl font-medium title-font mb-4 text-gray-900 text-left\">\n<h2 class=\"wp-block-heading\" id=\"h-article-iv-prohibited-conduct\">Artigo IV \u2013 Conduta Proibida<\/h2>\n<\/div><div class=\"mx-5 sm:mx-0 prose leading-relaxed text-lg mb-5 text-left wp-paragraph\">\n<p>Os usu\u00e1rios est\u00e3o proibidos de utilizar o site ou seu conte\u00fado para:<\/p>\n<\/div><div class=\"mx-5 sm:mx-0 prose text-left mb-5\">\n<ul><div class=\"mx-5 sm:mx-0 prose text-left mb-5\">\n<li>Atividades ilegais;<\/li>\n<\/div>\n\n<div class=\"mx-5 sm:mx-0 prose text-left mb-5\">\n<li>Promover comportamento ilegal;<\/li>\n<\/div>\n\n<div class=\"mx-5 sm:mx-0 prose text-left mb-5\">\n<li>Viola\u00e7\u00e3o de leis e regulamentos em qualquer n\u00edvel;<\/li>\n<\/div>\n\n<div class=\"mx-5 sm:mx-0 prose text-left mb-5\">\n<li>Viola\u00e7\u00e3o de direitos de propriedade intelectual;<\/li>\n<\/div>\n\n<div class=\"mx-5 sm:mx-0 prose text-left mb-5\">\n<li>Ass\u00e9dio, abuso, difama\u00e7\u00e3o, discrimina\u00e7\u00e3o ou intimida\u00e7\u00e3o com base em v\u00e1rios atributos pessoais;<\/li>\n<\/div>\n\n<div class=\"mx-5 sm:mx-0 prose text-left mb-5\">\n<li>Divulga\u00e7\u00e3o de informa\u00e7\u00f5es falsas ou enganosas;<\/li>\n<\/div>\n\n<div class=\"mx-5 sm:mx-0 prose text-left mb-5\">\n<li>Transmiss\u00e3o de c\u00f3digos inform\u00e1ticos nocivos;<\/li>\n<\/div>\n\n<div class=\"mx-5 sm:mx-0 prose text-left mb-5\">\n<li>Extra\u00e7\u00e3o de dados pessoais de terceiros;<\/li>\n<\/div>\n\n<div class=\"mx-5 sm:mx-0 prose text-left mb-5\">\n<li>Envolvimento em spam, phishing ou atividades semelhantes;<\/li>\n<\/div>\n\n<div class=\"mx-5 sm:mx-0 prose text-left mb-5\">\n<li>Fins imorais ou indecentes;<\/li>\n<\/div>\n\n<div class=\"mx-5 sm:mx-0 prose text-left mb-5\">\n<li>Contornando medidas de seguran\u00e7a.<\/li>\n<\/div><\/ul>\n<\/div><div class=\"mx-5 sm:mx-0 prose leading-relaxed text-lg mb-5 text-left wp-paragraph\">\n<p>A viola\u00e7\u00e3o dessas restri\u00e7\u00f5es pode resultar no encerramento do acesso ao servi\u00e7o.<\/p>\n<\/div><!--advertisement--><div class=\"mx-5 sm:mx-0 sm:text-3xl text-2xl font-medium title-font mb-4 text-gray-900 text-left\">\n<h2 class=\"wp-block-heading\" id=\"h-article-v-limitations-on-liability-and-warranties\">Artigo V \u2013 Limita\u00e7\u00f5es de Responsabilidade e Garantias<\/h2>\n<\/div><div class=\"mx-5 sm:mx-0 prose leading-relaxed text-lg mb-5 text-left wp-paragraph\">\n<p>N\u00e3o podemos garantir o uso ininterrupto, seguro ou livre de erros do servi\u00e7o, nem podemos prometer resultados confi\u00e1veis ou precisos da utiliza\u00e7\u00e3o do nosso servi\u00e7o. Voc\u00ea reconhece a possibilidade de suspendermos ou encerrarmos o Servi\u00e7o a qualquer momento, sem aviso pr\u00e9vio.<\/p>\n<\/div><div class=\"mx-5 sm:mx-0 prose leading-relaxed text-lg mb-5 text-left wp-paragraph\">\n<p>A responsabilidade pela utiliza\u00e7\u00e3o do servi\u00e7o, independentemente do seu sucesso, \u00e9 exclusivamente sua. Oferecemos o servi\u00e7o e todos os produtos associados tal como est\u00e3o, sem quaisquer garantias expl\u00edcitas ou impl\u00edcitas. Isto abrange, mas n\u00e3o est\u00e1 limitado a, nenhuma garantia de comercializa\u00e7\u00e3o, adequa\u00e7\u00e3o para uma finalidade espec\u00edfica, durabilidade, legalidade ou n\u00e3o viola\u00e7\u00e3o de direitos.<\/p>\n<\/div><div class=\"mx-5 sm:mx-0 prose leading-relaxed text-lg mb-5 text-left wp-paragraph\">\n<p>The Jobs Digger, juntamente com seus diretores, funcion\u00e1rios, afiliados, agentes, contratados, prestadores de servi\u00e7os ou licenciadores, n\u00e3o ser\u00e3o responsabilizados por quaisquer danos, perdas, reclama\u00e7\u00f5es ou les\u00f5es de qualquer natureza, sejam diretos, indiretos, incidentais, punitivos , especial ou consequente. Isto inclui perdas como lucros, receitas, poupan\u00e7as, dados ou custos de substitui\u00e7\u00e3o, decorrentes de qualquer utiliza\u00e7\u00e3o dos nossos servi\u00e7os ou produtos, ou quaisquer reclama\u00e7\u00f5es relacionadas. Isto tamb\u00e9m cobre perdas devido a erros ou omiss\u00f5es de conte\u00fado, ou qualquer dano incorrido pela utiliza\u00e7\u00e3o do servi\u00e7o ou de qualquer conte\u00fado ou produto dispon\u00edvel atrav\u00e9s dele.<\/p>\n<\/div><!--advertisement--><div class=\"mx-5 sm:mx-0 sm:text-3xl text-2xl font-medium title-font mb-4 text-gray-900 text-left\">\n<h2 class=\"wp-block-heading\" id=\"h-article-vi-duration-and-limitation-period\">Artigo VI \u2013 Dura\u00e7\u00e3o e Prazo de Prescri\u00e7\u00e3o<\/h2>\n<\/div><div class=\"mx-5 sm:mx-0 prose leading-relaxed text-lg mb-5 text-left wp-paragraph\">\n<p>Estes Termos e Condi\u00e7\u00f5es de Uso permanecem em vigor por tempo indeterminado. Quaisquer a\u00e7\u00f5es legais ou administrativas decorrentes do uso do The Jobs Digger ou de sua Pol\u00edtica de Privacidade dever\u00e3o ser iniciadas no prazo de 90 (noventa) dias a partir da ocorr\u00eancia do evento que deu origem a tais reclama\u00e7\u00f5es.<\/p>\n<\/div><!--advertisement--><div class=\"mx-5 sm:mx-0 sm:text-3xl text-2xl font-medium title-font mb-4 text-gray-900 text-left\">\n<h2 class=\"wp-block-heading\" id=\"h-article-vii-governing-law-and-jurisdiction\">Artigo VII \u2013 Lei Aplic\u00e1vel e Jurisdi\u00e7\u00e3o<\/h2>\n<\/div><div class=\"mx-5 sm:mx-0 prose leading-relaxed text-lg mb-5 text-left wp-paragraph\">\n<p><strong>7.1 <\/strong>Estes Termos e Condi\u00e7\u00f5es de Uso e a Pol\u00edtica de Privacidade s\u00e3o regidos e interpretados de acordo com as Leis Federais, o C\u00f3digo Civil e os estatutos relativos \u00e0 prote\u00e7\u00e3o do consumidor e \u00e0 prote\u00e7\u00e3o de dados.<\/p>\n<\/div><div class=\"mx-5 sm:mx-0 prose leading-relaxed text-lg mb-5 text-left wp-paragraph\">\n<p><strong>7.2 <\/strong>As partes concordam expressamente em submeter-se \u00e0 jurisdi\u00e7\u00e3o da C\u00e2mara de Com\u00e9rcio de Ont\u00e1rio (OCC) para a resolu\u00e7\u00e3o de lit\u00edgios relacionados com a interpreta\u00e7\u00e3o, conformidade ou quaisquer outras quest\u00f5es diretamente associadas a estes Termos e \u00e0 Pol\u00edtica de Privacidade, renunciando a qualquer outra jurisdi\u00e7\u00e3o.<\/p>\n<\/div><!--advertisement--><div class=\"mx-5 sm:mx-0 sm:text-3xl text-2xl font-medium title-font mb-4 text-gray-900 text-left\">\n<h2 class=\"wp-block-heading\" id=\"h-article-viii-content-and-intellectual-property-rights\">Artigo VIII \u2013 Conte\u00fado e Direitos de Propriedade Intelectual<\/h2>\n<\/div><!--advertisement--><div class=\"mx-5 sm:mx-0 sm:text-3xl text-2xl font-medium title-font mb-4 text-gray-900 text-left\">\n<h3 class=\"wp-block-heading\" id=\"h-8-1-ownership-of-content\">8.1. Propriedade do Conte\u00fado<\/h3>\n<\/div><div class=\"mx-5 sm:mx-0 prose leading-relaxed text-lg mb-5 text-left wp-paragraph\">\n<p>O conte\u00fado apresentado no site The Jobs Digger \u00e9 protegido por direitos autorais e outras leis de propriedade intelectual. Os usu\u00e1rios est\u00e3o estritamente proibidos de copiar, modificar, distribuir, publicar, exibir, transmitir ou criar trabalhos derivados do conte\u00fado do The Jobs Digger sem o consentimento expl\u00edcito por escrito de seus propriet\u00e1rios.<\/p>\n<\/div><!--advertisement--><div class=\"mx-5 sm:mx-0 sm:text-3xl text-2xl font-medium title-font mb-4 text-gray-900 text-left\">\n<h3 class=\"wp-block-heading\" id=\"h-8-2-disclaimer-of-liability\">8.2. Isen\u00e7\u00e3o de responsabilidade<\/h3>\n<\/div><div class=\"mx-5 sm:mx-0 prose leading-relaxed text-lg mb-5 text-left wp-paragraph\">\n<p>The Jobs Digger n\u00e3o assume nenhuma responsabilidade pelo conte\u00fado gerado por terceiros, incluindo coment\u00e1rios, contribui\u00e7\u00f5es em f\u00f3runs, postagens em m\u00eddias sociais ou qualquer outro conte\u00fado al\u00e9m do controle do The Jobs Digger. Al\u00e9m disso, The Jobs Digger se isenta de qualquer responsabilidade por danos ou perdas decorrentes do uso de seu site, abrangendo danos diretos, indiretos, incidentais, especiais ou consequenciais.<\/p>\n<\/div><!--advertisement--><div class=\"mx-5 sm:mx-0 sm:text-3xl text-2xl font-medium title-font mb-4 text-gray-900 text-left\">\n<h3 class=\"wp-block-heading\" id=\"h-8-3-handling-violations\">8.3. Tratamento de viola\u00e7\u00f5es<\/h3>\n<\/div><div class=\"mx-5 sm:mx-0 prose leading-relaxed text-lg mb-5 text-left wp-paragraph\">\n<p>The Jobs Digger reserva-se o direito de remover imediatamente qualquer conte\u00fado que viole estes termos de uso, incluindo, entre outros, conte\u00fado ilegal, ofensivo, difamat\u00f3rio ou conte\u00fado que viole direitos de propriedade intelectual de terceiros. O Jobs Digger tamb\u00e9m se reserva o direito de encerrar as contas dos usu\u00e1rios que violarem estes termos.<\/p>\n<\/div><!--advertisement--><div class=\"mx-5 sm:mx-0 sm:text-3xl text-2xl font-medium title-font mb-4 text-gray-900 text-left\">\n<h2 class=\"wp-block-heading\" id=\"h-article-ix-amendments-to-terms-and-conditions\">Artigo IX \u2013 Altera\u00e7\u00f5es aos Termos e Condi\u00e7\u00f5es<\/h2>\n<\/div><div class=\"mx-5 sm:mx-0 prose leading-relaxed text-lg mb-5 text-left wp-paragraph\">\n<p>O Jobs Digger mant\u00e9m a autoridade para alterar ou encerrar qualquer parte ou todos os seus servi\u00e7os sem aviso pr\u00e9vio ou posterior. Ao acessar ou usar os servi\u00e7os do The Jobs Digger, voc\u00ea reconhece e concorda que o The Jobs Digger n\u00e3o assume nenhuma responsabilidade perante voc\u00ea ou terceiros por quaisquer modifica\u00e7\u00f5es, suspens\u00f5es ou descontinua\u00e7\u00f5es de seus servi\u00e7os.<\/p>\n<\/div><div class=\"mx-5 sm:mx-0 prose leading-relaxed text-lg mb-5 text-left wp-paragraph\">\n<p><strong>QUALQUER INDIV\u00cdDUO QUE N\u00c3O ACEITE ESTES TERMOS E CONDI\u00c7\u00d5ES VINCULATIVOS E EXEQU\u00cdVEIS DEVE ABSTER-SE DE UTILIZAR O SITE JOBS DIGGER.<\/strong><\/p>\n<\/div><!--advertisement--><div class=\"mx-5 sm:mx-0 sm:text-3xl text-2xl font-medium title-font mb-4 text-gray-900 text-left\">\n<h2 class=\"wp-block-heading\" id=\"h-article-x-contact-information\">Artigo X \u2013 Informa\u00e7\u00f5es de contato<\/h2>\n<\/div><div class=\"mx-5 sm:mx-0 prose leading-relaxed text-lg mb-5 text-left wp-paragraph\">\n<p>Para qualquer d\u00favida ou sugest\u00e3o sobre nossos servi\u00e7os, n\u00e3o hesite em entrar em contato com o Atendimento ao Cliente The Jobs Digger em <a style=\" color:;\" href=\"mailto:contact@thejobsdigger.com\">contact@thejobsdigger.com<\/a>.<\/p>\n<\/div>","protected":false},"excerpt":{"rendered":"<p>Atualizado em 5 de fevereiro de 2024. A gest\u00e3o do site \u00e9 supervisionada pela pr\u00f3pria The Jobs Digger, indicada por pronomes como &quot;n\u00f3s&quot;, &quot;nos&quot; e &quot;nosso&quot;. Ao acessar nosso site, os usu\u00e1rios concordam em cumprir todos os termos, condi\u00e7\u00f5es e pol\u00edticas aqui descritos. A The Jobs Digger funciona como um centro digital comprometido em fornecer informa\u00e7\u00f5es e... <a class=\"more-link\" href=\"https:\/\/thejobsdigger.com\/pt\/terms\/\">Continuar lendo <span class=\"screen-reader-text\">Termos de uso<\/span><\/a><\/p>","protected":false},"author":8,"featured_media":0,"parent":0,"menu_order":0,"comment_status":"closed","ping_status":"closed","template":"","meta":{"footnotes":""},"yoast_head":"<!-- This site is optimized with the Yoast SEO Premium plugin v18.7 (Yoast SEO v19.1) - https:\/\/yoast.com\/wordpress\/plugins\/seo\/ -->\n<title>Terms of Use - The Jobs Digger<\/title>\n<meta name=\"robots\" content=\"index, follow, max-snippet:-1, max-image-preview:large, max-video-preview:-1\" \/>\n<link rel=\"canonical\" href=\"https:\/\/thejobsdigger.com\/pt\/terms\/\" \/>\n<meta property=\"og:locale\" content=\"pt_BR\" \/>\n<meta property=\"og:type\" content=\"article\" \/>\n<meta property=\"og:title\" content=\"Terms of Use\" \/>\n<meta property=\"og:description\" content=\"Updated on February 5, 2024. The management of the website is overseen by The Jobs Digger itself, indicated by pronouns such as &#8220;we,&#8221; &#8220;us,&#8221; and &#8220;our.&#8221; By accessing our website, users consent to abide by all terms, conditions, and policies outlined herein. The Jobs Digger functions as a digital hub committed to delivering informative and&hellip; Continue reading Terms of Use\" \/>\n<meta property=\"og:url\" content=\"https:\/\/thejobsdigger.com\/pt\/terms\/\" \/>\n<meta property=\"og:site_name\" content=\"The Jobs Digger\" \/>\n<meta property=\"article:modified_time\" content=\"2024-02-06T16:39:30+00:00\" \/>\n<meta name=\"twitter:card\" content=\"summary_large_image\" \/>\n<meta name=\"twitter:label1\" content=\"Est. reading time\" \/>\n\t<meta name=\"twitter:data1\" content=\"6 minutos\" \/>\n<script type=\"application\/ld+json\" class=\"yoast-schema-graph\">{\"@context\":\"https:\/\/schema.org\",\"@graph\":[{\"@type\":\"WebSite\",\"@id\":\"https:\/\/thejobsdigger.com\/#website\",\"url\":\"https:\/\/thejobsdigger.com\/\",\"name\":\"The Jobs Digger\",\"description\":\"\",\"potentialAction\":[{\"@type\":\"SearchAction\",\"target\":{\"@type\":\"EntryPoint\",\"urlTemplate\":\"https:\/\/thejobsdigger.com\/?s={search_term_string}\"},\"query-input\":\"required name=search_term_string\"}],\"inLanguage\":\"pt-BR\"},{\"@type\":\"WebPage\",\"@id\":\"https:\/\/thejobsdigger.com\/terms\/#webpage\",\"url\":\"https:\/\/thejobsdigger.com\/terms\/\",\"name\":\"Terms of Use - The Jobs Digger\",\"isPartOf\":{\"@id\":\"https:\/\/thejobsdigger.com\/#website\"},\"datePublished\":\"2024-02-06T16:38:47+00:00\",\"dateModified\":\"2024-02-06T16:39:30+00:00\",\"breadcrumb\":{\"@id\":\"https:\/\/thejobsdigger.com\/terms\/#breadcrumb\"},\"inLanguage\":\"pt-BR\",\"potentialAction\":[{\"@type\":\"ReadAction\",\"target\":[\"https:\/\/thejobsdigger.com\/terms\/\"]}]},{\"@type\":\"BreadcrumbList\",\"@id\":\"https:\/\/thejobsdigger.com\/terms\/#breadcrumb\",\"itemListElement\":[{\"@type\":\"ListItem\",\"position\":1,\"name\":\"Home\",\"item\":\"https:\/\/thejobsdigger.com\/\"},{\"@type\":\"ListItem\",\"position\":2,\"name\":\"Terms of Use\"}]}]}<\/script>\n<!-- \/ Yoast SEO Premium plugin. -->","yoast_head_json":{"title":"Terms of Use - The Jobs Digger","robots":{"index":"index","follow":"follow","max-snippet":"max-snippet:-1","max-image-preview":"max-image-preview:large","max-video-preview":"max-video-preview:-1"},"canonical":"https:\/\/thejobsdigger.com\/pt\/terms\/","og_locale":"pt_BR","og_type":"article","og_title":"Terms of Use","og_description":"Updated on February 5, 2024. The management of the website is overseen by The Jobs Digger itself, indicated by pronouns such as &#8220;we,&#8221; &#8220;us,&#8221; and &#8220;our.&#8221; By accessing our website, users consent to abide by all terms, conditions, and policies outlined herein. The Jobs Digger functions as a digital hub committed to delivering informative and&hellip; Continue reading Terms of Use","og_url":"https:\/\/thejobsdigger.com\/pt\/terms\/","og_site_name":"The Jobs Digger","article_modified_time":"2024-02-06T16:39:30+00:00","twitter_card":"summary_large_image","twitter_misc":{"Est. reading time":"6 minutos"},"schema":{"@context":"https:\/\/schema.org","@graph":[{"@type":"WebSite","@id":"https:\/\/thejobsdigger.com\/#website","url":"https:\/\/thejobsdigger.com\/","name":"The Jobs Digger","description":"","potentialAction":[{"@type":"SearchAction","target":{"@type":"EntryPoint","urlTemplate":"https:\/\/thejobsdigger.com\/?s={search_term_string}"},"query-input":"required name=search_term_string"}],"inLanguage":"pt-BR"},{"@type":"WebPage","@id":"https:\/\/thejobsdigger.com\/terms\/#webpage","url":"https:\/\/thejobsdigger.com\/terms\/","name":"Terms of Use - The Jobs Digger","isPartOf":{"@id":"https:\/\/thejobsdigger.com\/#website"},"datePublished":"2024-02-06T16:38:47+00:00","dateModified":"2024-02-06T16:39:30+00:00","breadcrumb":{"@id":"https:\/\/thejobsdigger.com\/terms\/#breadcrumb"},"inLanguage":"pt-BR","potentialAction":[{"@type":"ReadAction","target":["https:\/\/thejobsdigger.com\/terms\/"]}]},{"@type":"BreadcrumbList","@id":"https:\/\/thejobsdigger.com\/terms\/#breadcrumb","itemListElement":[{"@type":"ListItem","position":1,"name":"Home","item":"https:\/\/thejobsdigger.com\/"},{"@type":"ListItem","position":2,"name":"Terms of Use"}]}]}},"_links":{"self":[{"href":"https:\/\/thejobsdigger.com\/pt\/wp-json\/wp\/v2\/pages\/52"}],"collection":[{"href":"https:\/\/thejobsdigger.com\/pt\/wp-json\/wp\/v2\/pages"}],"about":[{"href":"https:\/\/thejobsdigger.com\/pt\/wp-json\/wp\/v2\/types\/page"}],"author":[{"embeddable":true,"href":"https:\/\/thejobsdigger.com\/pt\/wp-json\/wp\/v2\/users\/8"}],"replies":[{"embeddable":true,"href":"https:\/\/thejobsdigger.com\/pt\/wp-json\/wp\/v2\/comments?post=52"}],"version-history":[{"count":0,"href":"https:\/\/thejobsdigger.com\/pt\/wp-json\/wp\/v2\/pages\/52\/revisions"}],"wp:attachment":[{"href":"https:\/\/thejobsdigger.com\/pt\/wp-json\/wp\/v2\/media?parent=52"}],"curies":[{"name":"wp","href":"https:\/\/api.w.org\/{rel}","templated":true}]}}